{"id":1669,"date":"2011-06-28T04:00:21","date_gmt":"2011-06-28T03:00:21","guid":{"rendered":"http:\/\/www.mj-fans.at\/?page_id=1669"},"modified":"2016-11-13T10:17:24","modified_gmt":"2016-11-13T09:17:24","slug":"gedenktreffen-und-mj-world-cry-day-25-juni-2011","status":"publish","type":"page","link":"https:\/\/www.mj-fans.at\/?page_id=1669","title":{"rendered":"Gedenktreffen 2011"},"content":{"rendered":"<p><strong>DATUM<\/strong><br \/>\nSamstag, 25. Juni 2011<\/p>\n<p>&nbsp;<\/p>\n<p><strong>LOCATION<\/strong><br \/>\nPfarrkirche St. Nikolaus, Draschestra\u00dfe 105, 1230 Wien, \u00d6sterreich<br \/>\nChina Restaurant Asia Garten, Pfarrgasse 61, 1230 Wien, \u00d6sterreich<\/p>\n<p>&nbsp;<\/p>\n<p><strong>12 FOTOS &#8211; ZUM VERGR\u00d6SSERN ANKLICKEN!<\/strong><br \/>\nngg_shortcode_0_placeholder<\/p>\n","protected":false},"excerpt":{"rendered":"<p>DATUM Samstag, 25. Juni 2011 &nbsp; LOCATION Pfarrkirche St. Nikolaus, Draschestra\u00dfe 105, 1230 Wien, \u00d6sterreich China Restaurant Asia Garten, Pfarrgasse 61, 1230 Wien, \u00d6sterreich &nbsp; 12 FOTOS &#8211; ZUM VERGR\u00d6SSERN ANKLICKEN!<\/p>\n","protected":false},"author":1,"featured_media":0,"parent":18,"menu_order":0,"comment_status":"closed","ping_status":"open","template":"","meta":{"ngg_post_thumbnail":0,"footnotes":""},"class_list":["post-1669","page","type-page","status-publish","hentry"],"_links":{"self":[{"href":"https:\/\/www.mj-fans.at\/index.php?rest_route=\/wp\/v2\/pages\/1669","targetHints":{"allow":["GET"]}}],"collection":[{"href":"https:\/\/www.mj-fans.at\/index.php?rest_route=\/wp\/v2\/pages"}],"about":[{"href":"https:\/\/www.mj-fans.at\/index.php?rest_route=\/wp\/v2\/types\/page"}],"author":[{"embeddable":true,"href":"https:\/\/www.mj-fans.at\/index.php?rest_route=\/wp\/v2\/users\/1"}],"replies":[{"embeddable":true,"href":"https:\/\/www.mj-fans.at\/index.php?rest_route=%2Fwp%2Fv2%2Fcomments&post=1669"}],"version-history":[{"count":25,"href":"https:\/\/www.mj-fans.at\/index.php?rest_route=\/wp\/v2\/pages\/1669\/revisions"}],"predecessor-version":[{"id":5023,"href":"https:\/\/www.mj-fans.at\/index.php?rest_route=\/wp\/v2\/pages\/1669\/revisions\/5023"}],"up":[{"embeddable":true,"href":"https:\/\/www.mj-fans.at\/index.php?rest_route=\/wp\/v2\/pages\/18"}],"wp:attachment":[{"href":"https:\/\/www.mj-fans.at\/index.php?rest_route=%2Fwp%2Fv2%2Fmedia&parent=1669"}],"curies":[{"name":"wp","href":"https:\/\/api.w.org\/{rel}","templated":true}]}}