{"id":2765,"date":"2013-06-10T13:23:05","date_gmt":"2013-06-10T12:23:05","guid":{"rendered":"http:\/\/www.mj-fans.at\/?page_id=2765"},"modified":"2016-11-13T10:24:18","modified_gmt":"2016-11-13T09:24:18","slug":"tanzworkshop-mit-ace-08-und-09-juni-2013","status":"publish","type":"page","link":"https:\/\/www.mj-fans.at\/?page_id=2765","title":{"rendered":"Tanzworkshop"},"content":{"rendered":"<p><strong>DATUM<\/strong><br \/>\nSamstag, 08. und Sonntag, 09. Juni 2013<\/p>\n<p>&nbsp;<\/p>\n<p><strong>LOCATION<\/strong><br \/>\nTanzstelle, Vorgartenstra\u00dfe 178, 1020 Wien, \u00d6sterreich<\/p>\n<p>&nbsp;<\/p>\n<p><strong>20 FOTOS &#8211; ZUM VERGR\u00d6SSERN ANKLICKEN!<\/strong><br \/>\nngg_shortcode_0_placeholder<\/p>\n","protected":false},"excerpt":{"rendered":"<p>DATUM Samstag, 08. und Sonntag, 09. Juni 2013 &nbsp; LOCATION Tanzstelle, Vorgartenstra\u00dfe 178, 1020 Wien, \u00d6sterreich &nbsp; 20 FOTOS &#8211; ZUM VERGR\u00d6SSERN ANKLICKEN!<\/p>\n","protected":false},"author":1,"featured_media":0,"parent":18,"menu_order":0,"comment_status":"closed","ping_status":"open","template":"","meta":{"ngg_post_thumbnail":0,"footnotes":""},"class_list":["post-2765","page","type-page","status-publish","hentry"],"_links":{"self":[{"href":"https:\/\/www.mj-fans.at\/index.php?rest_route=\/wp\/v2\/pages\/2765","targetHints":{"allow":["GET"]}}],"collection":[{"href":"https:\/\/www.mj-fans.at\/index.php?rest_route=\/wp\/v2\/pages"}],"about":[{"href":"https:\/\/www.mj-fans.at\/index.php?rest_route=\/wp\/v2\/types\/page"}],"author":[{"embeddable":true,"href":"https:\/\/www.mj-fans.at\/index.php?rest_route=\/wp\/v2\/users\/1"}],"replies":[{"embeddable":true,"href":"https:\/\/www.mj-fans.at\/index.php?rest_route=%2Fwp%2Fv2%2Fcomments&post=2765"}],"version-history":[{"count":10,"href":"https:\/\/www.mj-fans.at\/index.php?rest_route=\/wp\/v2\/pages\/2765\/revisions"}],"predecessor-version":[{"id":5001,"href":"https:\/\/www.mj-fans.at\/index.php?rest_route=\/wp\/v2\/pages\/2765\/revisions\/5001"}],"up":[{"embeddable":true,"href":"https:\/\/www.mj-fans.at\/index.php?rest_route=\/wp\/v2\/pages\/18"}],"wp:attachment":[{"href":"https:\/\/www.mj-fans.at\/index.php?rest_route=%2Fwp%2Fv2%2Fmedia&parent=2765"}],"curies":[{"name":"wp","href":"https:\/\/api.w.org\/{rel}","templated":true}]}}