{"id":2774,"date":"2013-06-23T12:34:22","date_gmt":"2013-06-23T11:34:22","guid":{"rendered":"http:\/\/www.mj-fans.at\/?page_id=2774"},"modified":"2016-11-13T10:17:54","modified_gmt":"2016-11-13T09:17:54","slug":"gedenktreffen-21-juni-2013","status":"publish","type":"page","link":"https:\/\/www.mj-fans.at\/?page_id=2774","title":{"rendered":"Gedenktreffen 2013"},"content":{"rendered":"<p><strong>DATUM<\/strong><br \/>\nFreitag, 21. Juni 2013<\/p>\n<p>&nbsp;<\/p>\n<p><strong>LOCATION<\/strong><br \/>\nPfarrkirche St. Nikolaus, Draschestra\u00dfe 105, 1230 Wien, \u00d6sterreich<br \/>\nChina Restaurant Asia Garten, Pfarrgasse 61, 1230 Wien, \u00d6sterreich<\/p>\n<p>&nbsp;<\/p>\n<p><strong>12 FOTOS &#8211; ZUM VERGR\u00d6SSERN ANKLICKEN!<\/strong><br \/>\nngg_shortcode_0_placeholder<\/p>\n","protected":false},"excerpt":{"rendered":"<p>DATUM Freitag, 21. Juni 2013 &nbsp; LOCATION Pfarrkirche St. Nikolaus, Draschestra\u00dfe 105, 1230 Wien, \u00d6sterreich China Restaurant Asia Garten, Pfarrgasse 61, 1230 Wien, \u00d6sterreich &nbsp; 12 FOTOS &#8211; ZUM VERGR\u00d6SSERN ANKLICKEN!<\/p>\n","protected":false},"author":1,"featured_media":0,"parent":18,"menu_order":0,"comment_status":"closed","ping_status":"open","template":"","meta":{"ngg_post_thumbnail":0,"footnotes":""},"class_list":["post-2774","page","type-page","status-publish","hentry"],"_links":{"self":[{"href":"https:\/\/www.mj-fans.at\/index.php?rest_route=\/wp\/v2\/pages\/2774","targetHints":{"allow":["GET"]}}],"collection":[{"href":"https:\/\/www.mj-fans.at\/index.php?rest_route=\/wp\/v2\/pages"}],"about":[{"href":"https:\/\/www.mj-fans.at\/index.php?rest_route=\/wp\/v2\/types\/page"}],"author":[{"embeddable":true,"href":"https:\/\/www.mj-fans.at\/index.php?rest_route=\/wp\/v2\/users\/1"}],"replies":[{"embeddable":true,"href":"https:\/\/www.mj-fans.at\/index.php?rest_route=%2Fwp%2Fv2%2Fcomments&post=2774"}],"version-history":[{"count":11,"href":"https:\/\/www.mj-fans.at\/index.php?rest_route=\/wp\/v2\/pages\/2774\/revisions"}],"predecessor-version":[{"id":5000,"href":"https:\/\/www.mj-fans.at\/index.php?rest_route=\/wp\/v2\/pages\/2774\/revisions\/5000"}],"up":[{"embeddable":true,"href":"https:\/\/www.mj-fans.at\/index.php?rest_route=\/wp\/v2\/pages\/18"}],"wp:attachment":[{"href":"https:\/\/www.mj-fans.at\/index.php?rest_route=%2Fwp%2Fv2%2Fmedia&parent=2774"}],"curies":[{"name":"wp","href":"https:\/\/api.w.org\/{rel}","templated":true}]}}