{"id":2980,"date":"2013-09-24T14:43:17","date_gmt":"2013-09-24T13:43:17","guid":{"rendered":"http:\/\/www.mj-fans.at\/?page_id=2980"},"modified":"2016-11-20T14:55:12","modified_gmt":"2016-11-20T13:55:12","slug":"26-september-2013-spende-an-das-mobile-kinderhospiz-netz","status":"publish","type":"page","link":"https:\/\/www.mj-fans.at\/?page_id=2980","title":{"rendered":"Spende an das mobile Kinderhospiz Netz"},"content":{"rendered":"<p><strong>DATUM DER SPENDEN-\u00dcBERGABE<\/strong><br \/>\nDonnerstag, 26. September 2013<\/p>\n<p>&nbsp;<\/p>\n<p><strong>BEG\u00dcNSTIGTE ORGANISATION<\/strong><br \/>\nKinderhospiz Netz<br \/>\nBreitenseerstra\u00dfe 19\/27, 1140 Wien, \u00d6sterreich<br \/>\n<a title=\"www.kinderhospiz.at\" href=\"http:\/\/www.kinderhospiz.at\" target=\"_blank\"><cite class=\"_zd\">www.<b>kinderhospiz<\/b>.at<\/cite><\/a><\/p>\n<p>&nbsp;<\/p>\n<p><strong>ZUWENDUNG<\/strong><br \/>\nGeldspende in der H\u00f6he von 300 Euro<\/p>\n<p>&nbsp;<\/p>\n<p style=\"text-align: justify;\"><strong><strong>HINTERGRUND-INFORMATIONEN<\/strong><br \/>\n<\/strong>Der Verein Kinderhospiz Netz unterst\u00fctzt mit seiner mobilen Betreuung Familien, in welchen ein Kind mit begrenzter Lebenserwartung lebt. Eine Begleitung durch ein interdisziplin\u00e4res Team soll mit medizinisch-pflegerischer und psychosozialer Unterst\u00fctzung \u00fcber den Tod des Kindes hinaus eine Verbesserung der Lebensqualit\u00e4t der Kinder, Jugendlichen und Familien bringen. Der Fanclub unterst\u00fctze dieses Vorhaben mit einer Geldspende.<\/p>\n<p style=\"text-align: justify;\">&nbsp;<\/p>\n<p><strong>2 FOTOS &#8211; ZUM VERGR\u00d6SSERN ANKLICKEN!<\/strong><br \/>\nngg_shortcode_0_placeholder<\/p>\n","protected":false},"excerpt":{"rendered":"<p>DATUM DER SPENDEN-\u00dcBERGABE Donnerstag, 26. September 2013 &nbsp; BEG\u00dcNSTIGTE ORGANISATION Kinderhospiz Netz Breitenseerstra\u00dfe 19\/27, 1140 Wien, \u00d6sterreich www.kinderhospiz.at &nbsp; ZUWENDUNG Geldspende in der H\u00f6he von 300 Euro &nbsp; HINTERGRUND-INFORMATIONEN Der Verein Kinderhospiz Netz unterst\u00fctzt mit seiner mobilen Betreuung Familien, in welchen ein Kind mit begrenzter Lebenserwartung lebt. Eine Begleitung durch ein interdisziplin\u00e4res Team soll mit [&hellip;]<\/p>\n","protected":false},"author":1,"featured_media":0,"parent":96,"menu_order":0,"comment_status":"closed","ping_status":"open","template":"","meta":{"ngg_post_thumbnail":0,"footnotes":""},"class_list":["post-2980","page","type-page","status-publish","hentry"],"_links":{"self":[{"href":"https:\/\/www.mj-fans.at\/index.php?rest_route=\/wp\/v2\/pages\/2980","targetHints":{"allow":["GET"]}}],"collection":[{"href":"https:\/\/www.mj-fans.at\/index.php?rest_route=\/wp\/v2\/pages"}],"about":[{"href":"https:\/\/www.mj-fans.at\/index.php?rest_route=\/wp\/v2\/types\/page"}],"author":[{"embeddable":true,"href":"https:\/\/www.mj-fans.at\/index.php?rest_route=\/wp\/v2\/users\/1"}],"replies":[{"embeddable":true,"href":"https:\/\/www.mj-fans.at\/index.php?rest_route=%2Fwp%2Fv2%2Fcomments&post=2980"}],"version-history":[{"count":10,"href":"https:\/\/www.mj-fans.at\/index.php?rest_route=\/wp\/v2\/pages\/2980\/revisions"}],"predecessor-version":[{"id":5993,"href":"https:\/\/www.mj-fans.at\/index.php?rest_route=\/wp\/v2\/pages\/2980\/revisions\/5993"}],"up":[{"embeddable":true,"href":"https:\/\/www.mj-fans.at\/index.php?rest_route=\/wp\/v2\/pages\/96"}],"wp:attachment":[{"href":"https:\/\/www.mj-fans.at\/index.php?rest_route=%2Fwp%2Fv2%2Fmedia&parent=2980"}],"curies":[{"name":"wp","href":"https:\/\/api.w.org\/{rel}","templated":true}]}}