{"id":3095,"date":"2013-11-21T02:21:53","date_gmt":"2013-11-21T01:21:53","guid":{"rendered":"http:\/\/www.mj-fans.at\/?page_id=3095"},"modified":"2016-11-29T20:45:32","modified_gmt":"2016-11-29T19:45:32","slug":"26-september-2011-kinderpatenschaft-von-world-vision-oesterreich","status":"publish","type":"page","link":"https:\/\/www.mj-fans.at\/?page_id=3095","title":{"rendered":"Kinderpatenschaft von World Vision (2. Jahr)"},"content":{"rendered":"<p><strong>DATUM DER SPENDEN-\u00dcBERGABE<\/strong><br \/>\nMontag, 26. September 2011<\/p>\n<p>&nbsp;<\/p>\n<p><strong>BEG\u00dcNSTIGTE ORGANISATION<\/strong><br \/>\nWorld Vision \u00d6sterreich<br \/>\nGraumanngasse 7\/C-2, 1150 Wien, \u00d6sterreich<br \/>\n<a title=\"www.worldvision.at\" href=\"http:\/\/www.worldvision.at\" target=\"_blank\"><cite class=\"_zd\">www.<b>worldvision<\/b>.at<\/cite><\/a><\/p>\n<p>&nbsp;<\/p>\n<p><strong>ZUWENDUNG<\/strong><br \/>\nGeldspende in der H\u00f6he von 360 Euro<\/p>\n<p>&nbsp;<\/p>\n<p style=\"text-align: justify;\"><strong>HINTERGRUND-INFORMATIONEN<\/strong><br \/>\nWorld Vision ist eine christliche Hilfsorganisation, die humanit\u00e4re Nothilfe und langfristige Entwicklungsarbeit leistet und dabei die \u00dcberwindung von Armut, Hunger und Ungerechtigkeit in den Mittelpunkt stellt. Durch die \u00dcbernahme einer Kinderpatenschaft unterst\u00fctzte der Fanclub World Vision unter dem Motto \u201eHilfe zur Selbsthilfe\u201c bei der Finanzierung von Schulbildung und medizinischer Versorgung f\u00fcr ein M\u00e4dchen in Afrika. F\u00fcr Pakete mit kleinen Geschenken bedankte sich das Patenkind mit Briefen und Zeichnungen.<\/p>\n<p style=\"text-align: justify;\">&nbsp;<\/p>\n<p><strong>4 FOTOS &#8211; ZUM VERGR\u00d6SSERN ANKLICKEN!<\/strong><br \/>\nngg_shortcode_0_placeholder<\/p>\n","protected":false},"excerpt":{"rendered":"<p>DATUM DER SPENDEN-\u00dcBERGABE Montag, 26. September 2011 &nbsp; BEG\u00dcNSTIGTE ORGANISATION World Vision \u00d6sterreich Graumanngasse 7\/C-2, 1150 Wien, \u00d6sterreich www.worldvision.at &nbsp; ZUWENDUNG Geldspende in der H\u00f6he von 360 Euro &nbsp; HINTERGRUND-INFORMATIONEN World Vision ist eine christliche Hilfsorganisation, die humanit\u00e4re Nothilfe und langfristige Entwicklungsarbeit leistet und dabei die \u00dcberwindung von Armut, Hunger und Ungerechtigkeit in den Mittelpunkt [&hellip;]<\/p>\n","protected":false},"author":1,"featured_media":0,"parent":96,"menu_order":0,"comment_status":"closed","ping_status":"open","template":"","meta":{"ngg_post_thumbnail":0,"footnotes":""},"class_list":["post-3095","page","type-page","status-publish","hentry"],"_links":{"self":[{"href":"https:\/\/www.mj-fans.at\/index.php?rest_route=\/wp\/v2\/pages\/3095","targetHints":{"allow":["GET"]}}],"collection":[{"href":"https:\/\/www.mj-fans.at\/index.php?rest_route=\/wp\/v2\/pages"}],"about":[{"href":"https:\/\/www.mj-fans.at\/index.php?rest_route=\/wp\/v2\/types\/page"}],"author":[{"embeddable":true,"href":"https:\/\/www.mj-fans.at\/index.php?rest_route=\/wp\/v2\/users\/1"}],"replies":[{"embeddable":true,"href":"https:\/\/www.mj-fans.at\/index.php?rest_route=%2Fwp%2Fv2%2Fcomments&post=3095"}],"version-history":[{"count":16,"href":"https:\/\/www.mj-fans.at\/index.php?rest_route=\/wp\/v2\/pages\/3095\/revisions"}],"predecessor-version":[{"id":6018,"href":"https:\/\/www.mj-fans.at\/index.php?rest_route=\/wp\/v2\/pages\/3095\/revisions\/6018"}],"up":[{"embeddable":true,"href":"https:\/\/www.mj-fans.at\/index.php?rest_route=\/wp\/v2\/pages\/96"}],"wp:attachment":[{"href":"https:\/\/www.mj-fans.at\/index.php?rest_route=%2Fwp%2Fv2%2Fmedia&parent=3095"}],"curies":[{"name":"wp","href":"https:\/\/api.w.org\/{rel}","templated":true}]}}