{"id":337,"date":"2010-11-24T02:43:48","date_gmt":"2010-11-24T01:43:48","guid":{"rendered":"http:\/\/www.mj-fans.at\/?page_id=337"},"modified":"2016-11-13T10:17:10","modified_gmt":"2016-11-13T09:17:10","slug":"gedenkmesse-25-juni-2010","status":"publish","type":"page","link":"https:\/\/www.mj-fans.at\/?page_id=337","title":{"rendered":"Gedenktreffen 2010"},"content":{"rendered":"<p><strong>DATUM<\/strong><br \/>\nFreitag, 25. Juni 2010<\/p>\n<p>&nbsp;<\/p>\n<p><strong>LOCATION<\/strong><br \/>\nPfarrkirche St. Nikolaus, Draschestra\u00dfe 105, 1230 Wien, \u00d6sterreich<br \/>\nChina Restaurant Asia Garten, Pfarrgasse 61, 1230 Wien, \u00d6sterreich<\/p>\n<p>&nbsp;<\/p>\n<p><strong>5 FOTOS &#8211; ZUM VERGR\u00d6SSERN ANKLICKEN!<\/strong><br \/>\nngg_shortcode_0_placeholder<\/p>\n","protected":false},"excerpt":{"rendered":"<p>DATUM Freitag, 25. Juni 2010 &nbsp; LOCATION Pfarrkirche St. Nikolaus, Draschestra\u00dfe 105, 1230 Wien, \u00d6sterreich China Restaurant Asia Garten, Pfarrgasse 61, 1230 Wien, \u00d6sterreich &nbsp; 5 FOTOS &#8211; ZUM VERGR\u00d6SSERN ANKLICKEN!<\/p>\n","protected":false},"author":1,"featured_media":0,"parent":18,"menu_order":0,"comment_status":"closed","ping_status":"open","template":"","meta":{"ngg_post_thumbnail":0,"footnotes":""},"class_list":["post-337","page","type-page","status-publish","hentry"],"_links":{"self":[{"href":"https:\/\/www.mj-fans.at\/index.php?rest_route=\/wp\/v2\/pages\/337","targetHints":{"allow":["GET"]}}],"collection":[{"href":"https:\/\/www.mj-fans.at\/index.php?rest_route=\/wp\/v2\/pages"}],"about":[{"href":"https:\/\/www.mj-fans.at\/index.php?rest_route=\/wp\/v2\/types\/page"}],"author":[{"embeddable":true,"href":"https:\/\/www.mj-fans.at\/index.php?rest_route=\/wp\/v2\/users\/1"}],"replies":[{"embeddable":true,"href":"https:\/\/www.mj-fans.at\/index.php?rest_route=%2Fwp%2Fv2%2Fcomments&post=337"}],"version-history":[{"count":34,"href":"https:\/\/www.mj-fans.at\/index.php?rest_route=\/wp\/v2\/pages\/337\/revisions"}],"predecessor-version":[{"id":5015,"href":"https:\/\/www.mj-fans.at\/index.php?rest_route=\/wp\/v2\/pages\/337\/revisions\/5015"}],"up":[{"embeddable":true,"href":"https:\/\/www.mj-fans.at\/index.php?rest_route=\/wp\/v2\/pages\/18"}],"wp:attachment":[{"href":"https:\/\/www.mj-fans.at\/index.php?rest_route=%2Fwp%2Fv2%2Fmedia&parent=337"}],"curies":[{"name":"wp","href":"https:\/\/api.w.org\/{rel}","templated":true}]}}