{"id":342,"date":"2010-11-24T02:50:41","date_gmt":"2010-11-24T01:50:41","guid":{"rendered":"http:\/\/www.mj-fans.at\/?page_id=342"},"modified":"2016-11-13T10:16:13","modified_gmt":"2016-11-13T09:16:13","slug":"fanparty-28-august-2010","status":"publish","type":"page","link":"https:\/\/www.mj-fans.at\/?page_id=342","title":{"rendered":"Geburtstagsparty 2010"},"content":{"rendered":"<p><strong>DATUM<\/strong><br \/>\nSamstag, 28. August 2010<\/p>\n<p>&nbsp;<\/p>\n<p><strong>LOCATION<\/strong><br \/>\nALLiNCLUB, Stadtbahnb\u00f6gen 90-91, 1090 Wien, \u00d6sterreich<\/p>\n<p>&nbsp;<\/p>\n<p><strong>40 FOTOS &#8211; ZUM VERGR\u00d6SSERN ANKLICKEN!<\/strong><br \/>\nngg_shortcode_0_placeholder<\/p>\n","protected":false},"excerpt":{"rendered":"<p>DATUM Samstag, 28. August 2010 &nbsp; LOCATION ALLiNCLUB, Stadtbahnb\u00f6gen 90-91, 1090 Wien, \u00d6sterreich &nbsp; 40 FOTOS &#8211; ZUM VERGR\u00d6SSERN ANKLICKEN!<\/p>\n","protected":false},"author":1,"featured_media":0,"parent":18,"menu_order":0,"comment_status":"closed","ping_status":"open","template":"","meta":{"ngg_post_thumbnail":0,"footnotes":""},"class_list":["post-342","page","type-page","status-publish","hentry"],"_links":{"self":[{"href":"https:\/\/www.mj-fans.at\/index.php?rest_route=\/wp\/v2\/pages\/342","targetHints":{"allow":["GET"]}}],"collection":[{"href":"https:\/\/www.mj-fans.at\/index.php?rest_route=\/wp\/v2\/pages"}],"about":[{"href":"https:\/\/www.mj-fans.at\/index.php?rest_route=\/wp\/v2\/types\/page"}],"author":[{"embeddable":true,"href":"https:\/\/www.mj-fans.at\/index.php?rest_route=\/wp\/v2\/users\/1"}],"replies":[{"embeddable":true,"href":"https:\/\/www.mj-fans.at\/index.php?rest_route=%2Fwp%2Fv2%2Fcomments&post=342"}],"version-history":[{"count":46,"href":"https:\/\/www.mj-fans.at\/index.php?rest_route=\/wp\/v2\/pages\/342\/revisions"}],"predecessor-version":[{"id":5017,"href":"https:\/\/www.mj-fans.at\/index.php?rest_route=\/wp\/v2\/pages\/342\/revisions\/5017"}],"up":[{"embeddable":true,"href":"https:\/\/www.mj-fans.at\/index.php?rest_route=\/wp\/v2\/pages\/18"}],"wp:attachment":[{"href":"https:\/\/www.mj-fans.at\/index.php?rest_route=%2Fwp%2Fv2%2Fmedia&parent=342"}],"curies":[{"name":"wp","href":"https:\/\/api.w.org\/{rel}","templated":true}]}}