{"id":3966,"date":"2015-01-05T19:03:03","date_gmt":"2015-01-05T18:03:03","guid":{"rendered":"http:\/\/www.mj-fans.at\/?page_id=3966"},"modified":"2016-11-13T10:31:29","modified_gmt":"2016-11-13T09:31:29","slug":"03-oktober-2014-teilnahme-an-der-burn-this-disco-out-party-des-malibu-fanclubs","status":"publish","type":"page","link":"https:\/\/www.mj-fans.at\/?page_id=3966","title":{"rendered":"Teilnahme an der Burn This Disco Out Party des Malibu Fanclubs"},"content":{"rendered":"<p><strong>DATUM<\/strong><br \/>\nFreitag, 03. Oktober 2014<\/p>\n<p>&nbsp;<\/p>\n<p><strong>LOCATION<\/strong><br \/>\nHaus Kalk, Kalk-M\u00fclheimer-Stra\u00dfe 58, 51103 K\u00f6ln, Deutschland<\/p>\n<p>&nbsp;<\/p>\n<p><strong>3 FOTOS &#8211; ZUM VERGR\u00d6SSERN ANKLICKEN!<\/strong><br \/>\nngg_shortcode_0_placeholder<\/p>\n","protected":false},"excerpt":{"rendered":"<p>DATUM Freitag, 03. Oktober 2014 &nbsp; LOCATION Haus Kalk, Kalk-M\u00fclheimer-Stra\u00dfe 58, 51103 K\u00f6ln, Deutschland &nbsp; 3 FOTOS &#8211; ZUM VERGR\u00d6SSERN ANKLICKEN!<\/p>\n","protected":false},"author":1,"featured_media":0,"parent":18,"menu_order":0,"comment_status":"closed","ping_status":"open","template":"","meta":{"ngg_post_thumbnail":0,"footnotes":""},"class_list":["post-3966","page","type-page","status-publish","hentry"],"_links":{"self":[{"href":"https:\/\/www.mj-fans.at\/index.php?rest_route=\/wp\/v2\/pages\/3966","targetHints":{"allow":["GET"]}}],"collection":[{"href":"https:\/\/www.mj-fans.at\/index.php?rest_route=\/wp\/v2\/pages"}],"about":[{"href":"https:\/\/www.mj-fans.at\/index.php?rest_route=\/wp\/v2\/types\/page"}],"author":[{"embeddable":true,"href":"https:\/\/www.mj-fans.at\/index.php?rest_route=\/wp\/v2\/users\/1"}],"replies":[{"embeddable":true,"href":"https:\/\/www.mj-fans.at\/index.php?rest_route=%2Fwp%2Fv2%2Fcomments&post=3966"}],"version-history":[{"count":6,"href":"https:\/\/www.mj-fans.at\/index.php?rest_route=\/wp\/v2\/pages\/3966\/revisions"}],"predecessor-version":[{"id":5007,"href":"https:\/\/www.mj-fans.at\/index.php?rest_route=\/wp\/v2\/pages\/3966\/revisions\/5007"}],"up":[{"embeddable":true,"href":"https:\/\/www.mj-fans.at\/index.php?rest_route=\/wp\/v2\/pages\/18"}],"wp:attachment":[{"href":"https:\/\/www.mj-fans.at\/index.php?rest_route=%2Fwp%2Fv2%2Fmedia&parent=3966"}],"curies":[{"name":"wp","href":"https:\/\/api.w.org\/{rel}","templated":true}]}}