{"id":4698,"date":"2015-11-27T18:47:28","date_gmt":"2015-11-27T17:47:28","guid":{"rendered":"http:\/\/www.mj-fans.at\/?page_id=4698"},"modified":"2016-11-20T14:33:02","modified_gmt":"2016-11-20T13:33:02","slug":"spende-an-rettet-das-kind","status":"publish","type":"page","link":"https:\/\/www.mj-fans.at\/?page_id=4698","title":{"rendered":"Spende an den Verein Rettet das Kind"},"content":{"rendered":"<p><strong>DATUM DER SPENDEN-\u00dcBERGABE<\/strong><br \/>\nFreitag, 27. November 2015<\/p>\n<p>&nbsp;<\/p>\n<p><strong>BEG\u00dcNSTIGTE ORGANISATION<\/strong><br \/>\nRettet das Kind \u00d6sterreich<br \/>\nPouthongasse 3, 1150 Wien, \u00d6sterreich<br \/>\n<a title=\"www.rettet-das-kind.at\" href=\"http:\/\/www.rettet-das-kind.at\/\" target=\"_blank\"><cite class=\"_zd\">www.rettet-das-kind.at<\/cite><\/a><\/p>\n<p>&nbsp;<\/p>\n<p><strong>ZUWENDUNG<\/strong><br \/>\nGeldspende in der H\u00f6he von 575 Euro<\/p>\n<p>&nbsp;<\/p>\n<p style=\"text-align: justify;\"><strong>HINTERGRUND-INFORMATIONEN<\/strong><br \/>\nRettet das Kind \u00d6sterreich ist eine private, \u00fcberparteiliche und konfessionell ungebundene Kinderhilfsorganisation, die in enger Zusammenarbeit mit der \u00f6ffentlichen Jugendwohlfahrtspflege agiert.&nbsp;Der Aufgabenbereich des gemeinn\u00fctzigen Vereins und seiner neun eigenst\u00e4ndigen Landesorganisationen erstreckt sich von Behindertenarbeit, Prozessbegleitung, der Betreuung sozial gef\u00e4hrdeter Kinder, der Vermittlung von Patenschaften bis hin zur Einzelfallhilfe f\u00fcr Familien in Not. Viele Aktivit\u00e4ten finden in Kinderschutzzentren, Jugendtreffs oder \u00fcber klassische Streetwork statt, aber auch telefonische und pers\u00f6nliche Beratung spielen eine wichtige Rolle. Damit auch weiterhin so viele Projekte zugunsten schutzbed\u00fcrftiger Kinder in \u00d6sterreich durchgef\u00fchrt werden k\u00f6nnen, leistete der Fanclub einen Finanzierungsbeitrag.<\/p>\n<p style=\"text-align: justify;\">&nbsp;<\/p>\n<p><strong>2 FOTOS &#8211; ZUM VERGR\u00d6SSERN ANKLICKEN!<\/strong><br \/>\nngg_shortcode_0_placeholder<\/p>\n","protected":false},"excerpt":{"rendered":"<p>DATUM DER SPENDEN-\u00dcBERGABE Freitag, 27. November 2015 &nbsp; BEG\u00dcNSTIGTE ORGANISATION Rettet das Kind \u00d6sterreich Pouthongasse 3, 1150 Wien, \u00d6sterreich www.rettet-das-kind.at &nbsp; ZUWENDUNG Geldspende in der H\u00f6he von 575 Euro &nbsp; HINTERGRUND-INFORMATIONEN Rettet das Kind \u00d6sterreich ist eine private, \u00fcberparteiliche und konfessionell ungebundene Kinderhilfsorganisation, die in enger Zusammenarbeit mit der \u00f6ffentlichen Jugendwohlfahrtspflege agiert.&nbsp;Der Aufgabenbereich des gemeinn\u00fctzigen [&hellip;]<\/p>\n","protected":false},"author":1,"featured_media":0,"parent":96,"menu_order":0,"comment_status":"closed","ping_status":"closed","template":"","meta":{"ngg_post_thumbnail":0,"footnotes":""},"class_list":["post-4698","page","type-page","status-publish","hentry"],"_links":{"self":[{"href":"https:\/\/www.mj-fans.at\/index.php?rest_route=\/wp\/v2\/pages\/4698","targetHints":{"allow":["GET"]}}],"collection":[{"href":"https:\/\/www.mj-fans.at\/index.php?rest_route=\/wp\/v2\/pages"}],"about":[{"href":"https:\/\/www.mj-fans.at\/index.php?rest_route=\/wp\/v2\/types\/page"}],"author":[{"embeddable":true,"href":"https:\/\/www.mj-fans.at\/index.php?rest_route=\/wp\/v2\/users\/1"}],"replies":[{"embeddable":true,"href":"https:\/\/www.mj-fans.at\/index.php?rest_route=%2Fwp%2Fv2%2Fcomments&post=4698"}],"version-history":[{"count":8,"href":"https:\/\/www.mj-fans.at\/index.php?rest_route=\/wp\/v2\/pages\/4698\/revisions"}],"predecessor-version":[{"id":5992,"href":"https:\/\/www.mj-fans.at\/index.php?rest_route=\/wp\/v2\/pages\/4698\/revisions\/5992"}],"up":[{"embeddable":true,"href":"https:\/\/www.mj-fans.at\/index.php?rest_route=\/wp\/v2\/pages\/96"}],"wp:attachment":[{"href":"https:\/\/www.mj-fans.at\/index.php?rest_route=%2Fwp%2Fv2%2Fmedia&parent=4698"}],"curies":[{"name":"wp","href":"https:\/\/api.w.org\/{rel}","templated":true}]}}