{"id":4771,"date":"2016-07-09T18:35:14","date_gmt":"2016-07-09T17:35:14","guid":{"rendered":"http:\/\/www.mj-fans.at\/?page_id=4771"},"modified":"2016-11-13T10:20:50","modified_gmt":"2016-11-13T09:20:50","slug":"25-juni-mj-gedenktreffen","status":"publish","type":"page","link":"https:\/\/www.mj-fans.at\/?page_id=4771","title":{"rendered":"MJ Gedenktreffen 2016"},"content":{"rendered":"<p><strong>DATUM<\/strong><br \/>\nSamstag, 25. Juni 2016<\/p>\n<p>&nbsp;<\/p>\n<p><strong>LOCATION<\/strong><br \/>\nSaal der Pfarre Am Sch\u00fcttel, B\u00f6cklinstra\u00dfe 31, 1020 Wien, \u00d6sterreich<\/p>\n<p>&nbsp;<\/p>\n<p><strong>77 FOTOS &#8211; ZUM VERGR\u00d6SSERN ANKLICKEN!<\/strong><br \/>\nngg_shortcode_0_placeholder<\/p>\n","protected":false},"excerpt":{"rendered":"<p>DATUM Samstag, 25. Juni 2016 &nbsp; LOCATION Saal der Pfarre Am Sch\u00fcttel, B\u00f6cklinstra\u00dfe 31, 1020 Wien, \u00d6sterreich &nbsp; 77 FOTOS &#8211; ZUM VERGR\u00d6SSERN ANKLICKEN!<\/p>\n","protected":false},"author":1,"featured_media":0,"parent":18,"menu_order":0,"comment_status":"closed","ping_status":"closed","template":"","meta":{"ngg_post_thumbnail":0,"footnotes":""},"class_list":["post-4771","page","type-page","status-publish","hentry"],"_links":{"self":[{"href":"https:\/\/www.mj-fans.at\/index.php?rest_route=\/wp\/v2\/pages\/4771","targetHints":{"allow":["GET"]}}],"collection":[{"href":"https:\/\/www.mj-fans.at\/index.php?rest_route=\/wp\/v2\/pages"}],"about":[{"href":"https:\/\/www.mj-fans.at\/index.php?rest_route=\/wp\/v2\/types\/page"}],"author":[{"embeddable":true,"href":"https:\/\/www.mj-fans.at\/index.php?rest_route=\/wp\/v2\/users\/1"}],"replies":[{"embeddable":true,"href":"https:\/\/www.mj-fans.at\/index.php?rest_route=%2Fwp%2Fv2%2Fcomments&post=4771"}],"version-history":[{"count":3,"href":"https:\/\/www.mj-fans.at\/index.php?rest_route=\/wp\/v2\/pages\/4771\/revisions"}],"predecessor-version":[{"id":5011,"href":"https:\/\/www.mj-fans.at\/index.php?rest_route=\/wp\/v2\/pages\/4771\/revisions\/5011"}],"up":[{"embeddable":true,"href":"https:\/\/www.mj-fans.at\/index.php?rest_route=\/wp\/v2\/pages\/18"}],"wp:attachment":[{"href":"https:\/\/www.mj-fans.at\/index.php?rest_route=%2Fwp%2Fv2%2Fmedia&parent=4771"}],"curies":[{"name":"wp","href":"https:\/\/api.w.org\/{rel}","templated":true}]}}