{"id":54,"date":"2010-11-15T01:48:03","date_gmt":"2010-11-15T00:48:03","guid":{"rendered":"http:\/\/www.mj-fans.at\/?page_id=54"},"modified":"2018-09-17T22:46:27","modified_gmt":"2018-09-17T21:46:27","slug":"der-verein","status":"publish","type":"page","link":"https:\/\/www.mj-fans.at\/?page_id=54","title":{"rendered":"Der Fanclub"},"content":{"rendered":"<p style=\"text-align: justify;\">Der 1. \u00d6sterreichische Michael Jackson Fanclub ist ein gemeinn\u00fctziger Verein, der es sich zur Aufgabe gemacht hat, das menschliche und k\u00fcnstlerische Verm\u00e4chtnis von Michael Jackson zu erhalten und sein karitatives Engagement fortzusetzen. Zu diesem Zweck verbreitet der Fanclub regelm\u00e4\u00dfig Michael Jackson News, veranstaltet Fantreffen und unterst\u00fctzt verschiedene Wohlt\u00e4tigkeitsorganisationen. Die Gr\u00fcndung des Fanclubs erfolgte im Jahr 2009 am Wiener Stephansplatz. Seit 2010 existiert eine Eintragung im zentralen Vereinsregister der Bundesrepublik \u00d6sterreich.<\/p>\n<p style=\"text-align: justify;\">&nbsp;<\/p>\n<p style=\"text-align: justify;\"><strong>Fantreffen<\/strong>: Fan zu sein bedeutet f\u00fcr jede Person etwas anderes. F\u00fcr viele Michael Jackson Fans geh\u00f6rt jedoch das Treffen von Gleichgesinnten ebenso zum Fan-Dasein dazu, wie das Tanzen zur Musik des King Of Pop oder der Erwerb von Merchandise. Um eine Plattform f\u00fcr diese Art von Austausch zu schaffen, organisieren wir regelm\u00e4\u00dfig Fantreffen, welche von einem besinnlichen Zusammenkommen bis hin zu einer stimmungsvollen Party reichen k\u00f6nnen. Die entsprechenden Termine und Details werden jeweils zu Jahresbeginn bekannt gegeben. Vergangene Treffen sind im <a href=\"http:\/\/www.mj-fans.at\/?page_id=18\" target=\"_blank\" rel=\"noopener\">Event-Archiv<\/a> dokumentiert, Informationen zu aktuellen Terminen gibt es hier: <a href=\"http:\/\/www.mj-fans.at\/?page_id=3070\" target=\"_blank\" rel=\"noopener\">Fantreffen<\/a><\/p>\n<p style=\"text-align: justify;\">&nbsp;<\/p>\n<p style=\"text-align: justify;\"><strong>Charity<\/strong>: Mit Songs wie &#8222;Heal The World&#8220;, &#8222;Man In The Mirror&#8220; oder dem &#8222;Earth Song&#8220; hat Michael Jackson der Welt vor Augen gef\u00fchrt, wie wichtig es ist, unseren Planeten und alle seine Bewohner mit N\u00e4chstenliebe und Respekt zu behandeln. Unz\u00e4hlige Besuche in Krankenh\u00e4usern und Waisenheimen, sowie gro\u00dfz\u00fcgige Spenden f\u00fcr karitative Zwecke unterstreichen diese Botschaft. Den &#8222;Earth Song&#8220; hat Michael Jackson laut eigenen Angaben in einem Hotel in \u00d6sterreich geschrieben. Gerade deshalb ist es uns als \u00f6sterreichischer Fanclub ein besonderes Anliegen, nicht nur zu feiern und zu konsumieren, sondern uns auch f\u00fcr Mensch, Tier und Umwelt einzusetzen. Jedes Jahr unterst\u00fctzen wir deshalb mit dem Reinerl\u00f6s unserer T\u00e4tigkeiten verschiedene Wohlt\u00e4tigkeitsorganisationen. Um eine \u00dcbersicht \u00fcber bislang erbrachte Spendenleistungen zu erhalten, bitte hier klicken: <a href=\"http:\/\/www.mj-fans.at\/?page_id=96\" target=\"_blank\" rel=\"noopener\">Charity-Archiv<\/a><\/p>\n<p style=\"text-align: justify;\">&nbsp;<\/p>\n<p style=\"text-align: justify;\"><strong>Mitgliedschaft<\/strong>: Die Teilnahme an unseren Fantreffen ist ohne Abschluss einer Mitgliedschaft m\u00f6glich. Es besteht jedoch die M\u00f6glichkeit, als News-Mitglied oder Team-Mitglied Teil des Fanclubs zu werden. Weitere Informationen zu diesem Thema findest du hier: <a href=\"http:\/\/www.mj-fans.at\/?page_id=1927\" target=\"_blank\" rel=\"noopener\">Mitgliedschaft<\/a><\/p>\n","protected":false},"excerpt":{"rendered":"<p>Der 1. \u00d6sterreichische Michael Jackson Fanclub ist ein gemeinn\u00fctziger Verein, der es sich zur Aufgabe gemacht hat, das menschliche und k\u00fcnstlerische Verm\u00e4chtnis von Michael Jackson zu erhalten und sein karitatives Engagement fortzusetzen. Zu diesem Zweck verbreitet der Fanclub regelm\u00e4\u00dfig Michael Jackson News, veranstaltet Fantreffen und unterst\u00fctzt verschiedene Wohlt\u00e4tigkeitsorganisationen. Die Gr\u00fcndung des Fanclubs erfolgte im Jahr [&hellip;]<\/p>\n","protected":false},"author":1,"featured_media":4982,"parent":0,"menu_order":0,"comment_status":"closed","ping_status":"closed","template":"","meta":{"ngg_post_thumbnail":0,"footnotes":""},"class_list":["post-54","page","type-page","status-publish","has-post-thumbnail","hentry"],"_links":{"self":[{"href":"https:\/\/www.mj-fans.at\/index.php?rest_route=\/wp\/v2\/pages\/54","targetHints":{"allow":["GET"]}}],"collection":[{"href":"https:\/\/www.mj-fans.at\/index.php?rest_route=\/wp\/v2\/pages"}],"about":[{"href":"https:\/\/www.mj-fans.at\/index.php?rest_route=\/wp\/v2\/types\/page"}],"author":[{"embeddable":true,"href":"https:\/\/www.mj-fans.at\/index.php?rest_route=\/wp\/v2\/users\/1"}],"replies":[{"embeddable":true,"href":"https:\/\/www.mj-fans.at\/index.php?rest_route=%2Fwp%2Fv2%2Fcomments&post=54"}],"version-history":[{"count":381,"href":"https:\/\/www.mj-fans.at\/index.php?rest_route=\/wp\/v2\/pages\/54\/revisions"}],"predecessor-version":[{"id":6558,"href":"https:\/\/www.mj-fans.at\/index.php?rest_route=\/wp\/v2\/pages\/54\/revisions\/6558"}],"wp:featuredmedia":[{"embeddable":true,"href":"https:\/\/www.mj-fans.at\/index.php?rest_route=\/wp\/v2\/media\/4982"}],"wp:attachment":[{"href":"https:\/\/www.mj-fans.at\/index.php?rest_route=%2Fwp%2Fv2%2Fmedia&parent=54"}],"curies":[{"name":"wp","href":"https:\/\/api.w.org\/{rel}","templated":true}]}}