{"id":6071,"date":"2016-12-13T21:32:00","date_gmt":"2016-12-13T20:32:00","guid":{"rendered":"http:\/\/www.mj-fans.at\/?page_id=6071"},"modified":"2016-12-13T21:49:48","modified_gmt":"2016-12-13T20:49:48","slug":"spende-an-die-notschlafstelle-vinzibett","status":"publish","type":"page","link":"https:\/\/www.mj-fans.at\/?page_id=6071","title":{"rendered":"Spende an die Notschlafstelle VinziBett"},"content":{"rendered":"<p><strong>DATUM DER SPENDEN-\u00dcBERGABE<\/strong><br \/>\nDienstag, 13. Dezember 2016<\/p>\n<p>&nbsp;<\/p>\n<p><strong>BEG\u00dcNSTIGTE ORGANISATION<\/strong><br \/>\nVinziBett<br \/>\nOttakringerstra\u00dfe 20\/1, 1170 Wien, \u00d6sterreich<br \/>\n<a title=\"www.vinzi.at\/de\/vinzibett-wien\" href=\"http:\/\/www.vinzi.at\/de\/vinzibett-wien\/\" target=\"_blank\"><cite class=\"_zd\">www.vinzi.at\/de\/vinzibett-wien<\/cite><\/a><\/p>\n<p>&nbsp;<\/p>\n<p><strong>ZUWENDUNG<\/strong><br \/>\nGeldspende in der H\u00f6he von 600 Euro, sowie zahlreiche Sachspenden (Kleidung, Hygieneartikel, Geschirr, &#8230;)<\/p>\n<p>&nbsp;<\/p>\n<p style=\"text-align: justify;\"><strong>HINTERGRUND-INFORMATIONEN<\/strong><br \/>\nDas VinziBett ist eine Notschlafstelle in Wien f\u00fcr mittellose bzw. sozial schwache Menschen, die keine M\u00f6glichkeit der eigenen Unterbringung haben. Das Haus verf\u00fcgt \u00fcber zwei Stockwerke mit 46 Betten und versorgt seine G\u00e4ste mit Kleidung, Hygieneartikeln und warmen Mahlzeiten.&nbsp;Ein Team von ehrenamtlichen MitarbeiterInnen versucht eine respektvolle und von klaren Regeln bestimmte Atmosph\u00e4re zu schaffen, in der die G\u00e4ste sich wohlf\u00fchlen k\u00f6nnen. Neben den genannten Hilfestellungen in Notsituationen bietet das VinziBett bed\u00fcrftigen Personen auch Unterst\u00fctzung durch die Vermittlung von Jobs, Wohnungen und medizinischer Betreuung. Um dem VinziBett bei seiner Arbeit f\u00fcr obdachlose Personen behilflich zu sein, leistete der Fanclub eine Geldspende und sammelte drei Autoladungen voll Sachspenden.<\/p>\n<p style=\"text-align: justify;\">&nbsp;<\/p>\n<p><strong>4 FOTOS &#8211; ZUM VERGR\u00d6SSERN ANKLICKEN!<\/strong><br \/>\nngg_shortcode_0_placeholder<\/p>\n","protected":false},"excerpt":{"rendered":"<p>DATUM DER SPENDEN-\u00dcBERGABE Dienstag, 13. Dezember 2016 &nbsp; BEG\u00dcNSTIGTE ORGANISATION VinziBett Ottakringerstra\u00dfe 20\/1, 1170 Wien, \u00d6sterreich www.vinzi.at\/de\/vinzibett-wien &nbsp; ZUWENDUNG Geldspende in der H\u00f6he von 600 Euro, sowie zahlreiche Sachspenden (Kleidung, Hygieneartikel, Geschirr, &#8230;) &nbsp; HINTERGRUND-INFORMATIONEN Das VinziBett ist eine Notschlafstelle in Wien f\u00fcr mittellose bzw. sozial schwache Menschen, die keine M\u00f6glichkeit der eigenen Unterbringung haben. [&hellip;]<\/p>\n","protected":false},"author":1,"featured_media":0,"parent":96,"menu_order":0,"comment_status":"closed","ping_status":"closed","template":"","meta":{"ngg_post_thumbnail":0,"footnotes":""},"class_list":["post-6071","page","type-page","status-publish","hentry"],"_links":{"self":[{"href":"https:\/\/www.mj-fans.at\/index.php?rest_route=\/wp\/v2\/pages\/6071","targetHints":{"allow":["GET"]}}],"collection":[{"href":"https:\/\/www.mj-fans.at\/index.php?rest_route=\/wp\/v2\/pages"}],"about":[{"href":"https:\/\/www.mj-fans.at\/index.php?rest_route=\/wp\/v2\/types\/page"}],"author":[{"embeddable":true,"href":"https:\/\/www.mj-fans.at\/index.php?rest_route=\/wp\/v2\/users\/1"}],"replies":[{"embeddable":true,"href":"https:\/\/www.mj-fans.at\/index.php?rest_route=%2Fwp%2Fv2%2Fcomments&post=6071"}],"version-history":[{"count":4,"href":"https:\/\/www.mj-fans.at\/index.php?rest_route=\/wp\/v2\/pages\/6071\/revisions"}],"predecessor-version":[{"id":6080,"href":"https:\/\/www.mj-fans.at\/index.php?rest_route=\/wp\/v2\/pages\/6071\/revisions\/6080"}],"up":[{"embeddable":true,"href":"https:\/\/www.mj-fans.at\/index.php?rest_route=\/wp\/v2\/pages\/96"}],"wp:attachment":[{"href":"https:\/\/www.mj-fans.at\/index.php?rest_route=%2Fwp%2Fv2%2Fmedia&parent=6071"}],"curies":[{"name":"wp","href":"https:\/\/api.w.org\/{rel}","templated":true}]}}