{"id":6539,"date":"2017-12-25T13:08:00","date_gmt":"2017-12-25T12:08:00","guid":{"rendered":"http:\/\/www.mj-fans.at\/?page_id=6539"},"modified":"2018-09-17T22:45:15","modified_gmt":"2018-09-17T21:45:15","slug":"spende-an-den-verein-gegen-tierfabriken-2","status":"publish","type":"page","link":"https:\/\/www.mj-fans.at\/?page_id=6539","title":{"rendered":"Spende an den Verein gegen Tierfabriken"},"content":{"rendered":"<p><strong>DATUM DER SPENDEN-\u00dcBERGABE<\/strong><br \/>\nDonnerstag, 21. Dezember 2017<\/p>\n<p>&nbsp;<\/p>\n<p><strong>BEG\u00dcNSTIGTE ORGANISATION<\/strong><br \/>\nVerein gegen Tierfabriken<br \/>\nMeidlinger Hauptstra\u00dfe 63\/6, 1120 Wien, \u00d6sterreich<br \/>\n<a title=\"www.kinderkrebsforschung.at\" href=\"http:\/\/www.vgt.at\/\" target=\"_blank\" rel=\"noopener\"><cite class=\"_zd\">www.vgt.at<\/cite><\/a><\/p>\n<p>&nbsp;<\/p>\n<p><strong>ZUWENDUNG<\/strong><br \/>\nGeldspende in der H\u00f6he von 500 Euro<\/p>\n<p>&nbsp;<\/p>\n<p style=\"text-align: justify;\"><strong>HINTERGRUND-INFORMATIONEN<\/strong><br \/>\nDer Verein gegen Tierfabriken ist eine unabh\u00e4ngige Tierschutzorganisation und hat es sich zum Ziel gemacht, Mitgef\u00fchl und Respekt gegen\u00fcber Tieren in der Gesellschaft zu verankern. Er bildet seit \u00fcber 25 Jahren einen wichtigen Gegenpol zu Unternehmen, politischen Lagern und Privatpersonen, welche Profit oder pers\u00f6nliche Belustigung in den Vordergrund stellen und Tieren jegliche Rechte absprechen. Der Verein gegen Tierfabriken recherchiert und informiert \u00fcber Pelzproduktion, Gatterjagden und zahlreiche fragw\u00fcrdige Praktiken in der Intensivtierhaltung, wie Eingriffe ohne Narkose (Kastration, Enthornung) oder Verst\u00fcmmelungen (Schnabelk\u00fcrzen, Schw\u00e4nzekupieren, Z\u00e4hneschleifen). Auch die Aufdeckung illegaler Gewaltanwendung (Metallwerkzeuge, Elektroschocker), mangelhafter Bet\u00e4ubung und fehlender tier\u00e4rztlicher Kontrollen mit Hilfe verstecker Kameras in \u00f6sterreichischen Schlachth\u00f6fen sind Teil der \u00d6ffentlichkeitsarbeit der Tiersch\u00fctzer. Mit seiner Spende unterst\u00fctzte der Fanclub den Verein gegen Tierfabriken bei seinem gewaltlosen Aktivismus und bei seinen Info-Kampagnen.<\/p>\n<p style=\"text-align: justify;\">&nbsp;<\/p>\n<p><strong>1 FOTO &#8211; ZUM VERGR\u00d6SSERN ANKLICKEN!<\/strong><br \/>\nngg_shortcode_0_placeholder<\/p>\n","protected":false},"excerpt":{"rendered":"<p>DATUM DER SPENDEN-\u00dcBERGABE Donnerstag, 21. Dezember 2017 &nbsp; BEG\u00dcNSTIGTE ORGANISATION Verein gegen Tierfabriken Meidlinger Hauptstra\u00dfe 63\/6, 1120 Wien, \u00d6sterreich www.vgt.at &nbsp; ZUWENDUNG Geldspende in der H\u00f6he von 500 Euro &nbsp; HINTERGRUND-INFORMATIONEN Der Verein gegen Tierfabriken ist eine unabh\u00e4ngige Tierschutzorganisation und hat es sich zum Ziel gemacht, Mitgef\u00fchl und Respekt gegen\u00fcber Tieren in der Gesellschaft zu [&hellip;]<\/p>\n","protected":false},"author":1,"featured_media":0,"parent":96,"menu_order":0,"comment_status":"closed","ping_status":"closed","template":"","meta":{"ngg_post_thumbnail":0,"footnotes":""},"class_list":["post-6539","page","type-page","status-publish","hentry"],"_links":{"self":[{"href":"https:\/\/www.mj-fans.at\/index.php?rest_route=\/wp\/v2\/pages\/6539","targetHints":{"allow":["GET"]}}],"collection":[{"href":"https:\/\/www.mj-fans.at\/index.php?rest_route=\/wp\/v2\/pages"}],"about":[{"href":"https:\/\/www.mj-fans.at\/index.php?rest_route=\/wp\/v2\/types\/page"}],"author":[{"embeddable":true,"href":"https:\/\/www.mj-fans.at\/index.php?rest_route=\/wp\/v2\/users\/1"}],"replies":[{"embeddable":true,"href":"https:\/\/www.mj-fans.at\/index.php?rest_route=%2Fwp%2Fv2%2Fcomments&post=6539"}],"version-history":[{"count":2,"href":"https:\/\/www.mj-fans.at\/index.php?rest_route=\/wp\/v2\/pages\/6539\/revisions"}],"predecessor-version":[{"id":6596,"href":"https:\/\/www.mj-fans.at\/index.php?rest_route=\/wp\/v2\/pages\/6539\/revisions\/6596"}],"up":[{"embeddable":true,"href":"https:\/\/www.mj-fans.at\/index.php?rest_route=\/wp\/v2\/pages\/96"}],"wp:attachment":[{"href":"https:\/\/www.mj-fans.at\/index.php?rest_route=%2Fwp%2Fv2%2Fmedia&parent=6539"}],"curies":[{"name":"wp","href":"https:\/\/api.w.org\/{rel}","templated":true}]}}