{"id":6869,"date":"2020-01-14T17:33:28","date_gmt":"2020-01-14T16:33:28","guid":{"rendered":"http:\/\/www.mj-fans.at\/?page_id=6869"},"modified":"2020-01-14T17:41:13","modified_gmt":"2020-01-14T16:41:13","slug":"kinderpatenschaft-von-world-vision-10-jahr","status":"publish","type":"page","link":"https:\/\/www.mj-fans.at\/?page_id=6869","title":{"rendered":"Kinderpatenschaft von World Vision (10. Jahr)"},"content":{"rendered":"\n<p> <\/p>\n\n\n\n<p><strong>DATUM DER SPENDEN-\u00dcBERGABE<\/strong><br>Montag, 30. Dezember 2019  <\/p>\n\n\n\n<p> <\/p>\n\n\n\n<p><strong>BEG\u00dcNSTIGTE ORGANISATION<\/strong><br>World Vision \u00d6sterreich<br>Graumanngasse 7\/A-3, 1150 Wien, \u00d6sterreich<br><a rel=\"noreferrer noopener\" href=\"http:\/\/www.worldvision.at\" target=\"_blank\">www.<strong>worldvision<\/strong>.at<\/a><\/p>\n\n\n\n<p> <\/p>\n\n\n\n<p><strong>ZUWENDUNG<\/strong><br>Geldspende in der H\u00f6he von 360 Euro <\/p>\n\n\n\n<p> <\/p>\n\n\n\n<p><strong>HINTERGRUND-INFORMATIONEN<\/strong><br>World Vision ist eine christliche Hilfsorganisation, die humanit\u00e4re  Nothilfe und langfristige Entwicklungsarbeit leistet und dabei die  \u00dcberwindung von Armut, Hunger und Ungerechtigkeit in den Mittelpunkt  stellt. Durch die \u00dcbernahme einer Kinderpatenschaft unterst\u00fctzte der  Fanclub World Vision unter dem Motto \u201eHilfe zur Selbsthilfe\u201c bei der  Finanzierung von Schulbildung und medizinischer Versorgung f\u00fcr ein  M\u00e4dchen in Afrika. F\u00fcr Pakete mit kleinen Geschenken bedankte sich das  Patenkind mit Briefen und Zeichnungen. <\/p>\n\n\n\n<p> <\/p>\n\n\n\n<p><strong>1 FOTO &#8211; ZUM VERGR\u00d6SSERN ANKLICKEN!<\/strong><\/p>\n\n\nngg_shortcode_0_placeholder\n","protected":false},"excerpt":{"rendered":"<p>DATUM DER SPENDEN-\u00dcBERGABEMontag, 30. Dezember 2019 BEG\u00dcNSTIGTE ORGANISATIONWorld Vision \u00d6sterreichGraumanngasse 7\/A-3, 1150 Wien, \u00d6sterreichwww.worldvision.at ZUWENDUNGGeldspende in der H\u00f6he von 360 Euro HINTERGRUND-INFORMATIONENWorld Vision ist eine christliche Hilfsorganisation, die humanit\u00e4re Nothilfe und langfristige Entwicklungsarbeit leistet und dabei die \u00dcberwindung von Armut, Hunger und Ungerechtigkeit in den Mittelpunkt stellt. Durch die \u00dcbernahme einer Kinderpatenschaft unterst\u00fctzte der Fanclub [&hellip;]<\/p>\n","protected":false},"author":1,"featured_media":0,"parent":96,"menu_order":0,"comment_status":"closed","ping_status":"closed","template":"","meta":{"ngg_post_thumbnail":0,"footnotes":""},"class_list":["post-6869","page","type-page","status-publish","hentry"],"_links":{"self":[{"href":"https:\/\/www.mj-fans.at\/index.php?rest_route=\/wp\/v2\/pages\/6869","targetHints":{"allow":["GET"]}}],"collection":[{"href":"https:\/\/www.mj-fans.at\/index.php?rest_route=\/wp\/v2\/pages"}],"about":[{"href":"https:\/\/www.mj-fans.at\/index.php?rest_route=\/wp\/v2\/types\/page"}],"author":[{"embeddable":true,"href":"https:\/\/www.mj-fans.at\/index.php?rest_route=\/wp\/v2\/users\/1"}],"replies":[{"embeddable":true,"href":"https:\/\/www.mj-fans.at\/index.php?rest_route=%2Fwp%2Fv2%2Fcomments&post=6869"}],"version-history":[{"count":2,"href":"https:\/\/www.mj-fans.at\/index.php?rest_route=\/wp\/v2\/pages\/6869\/revisions"}],"predecessor-version":[{"id":6873,"href":"https:\/\/www.mj-fans.at\/index.php?rest_route=\/wp\/v2\/pages\/6869\/revisions\/6873"}],"up":[{"embeddable":true,"href":"https:\/\/www.mj-fans.at\/index.php?rest_route=\/wp\/v2\/pages\/96"}],"wp:attachment":[{"href":"https:\/\/www.mj-fans.at\/index.php?rest_route=%2Fwp%2Fv2%2Fmedia&parent=6869"}],"curies":[{"name":"wp","href":"https:\/\/api.w.org\/{rel}","templated":true}]}}