{"id":7023,"date":"2024-11-19T18:06:27","date_gmt":"2024-11-19T17:06:27","guid":{"rendered":"https:\/\/www.mj-fans.at\/?page_id=7023"},"modified":"2025-10-21T13:07:02","modified_gmt":"2025-10-21T12:07:02","slug":"weihnachten-im-schuhkarton","status":"publish","type":"page","link":"https:\/\/www.mj-fans.at\/?page_id=7023","title":{"rendered":"Weihnachten im Schuhkarton"},"content":{"rendered":"\n<p id=\"block-5c5c6b6d-d521-4e2f-928e-8d60b5da86a3\"><strong>DATUM DER SPENDEN-\u00dcBERGABE<\/strong><br>Sonntag, 17. November 2024<\/p>\n\n\n\n<p id=\"block-8fd750db-5d9b-416f-b5dc-d5bd8cfad02d\"><strong>BEG\u00dcNSTIGTE ORGANISATION<\/strong><br>Projekt Weihnachten im Schuhkarton<br>Verein Samaritan&#8217;s Purse &#8211; Die barmherzigen Samariter<br>Barockstra\u00dfe 4 , 4616 Wei\u00dfkirchen an der Traun, \u00d6sterreich<br><a href=\"https:\/\/www.die-samariter.org\/projekte\/weihnachten-im-schuhkarton\/\">https:\/\/www.die-samariter.org\/projekte\/weihnachten-im-schuhkarton\/<\/a><\/p>\n\n\n\n<p id=\"block-4b42e826-e235-4171-8f5a-6026e42f48e1\"><strong>ZUWENDUNG<\/strong><br>Geldspende in der H\u00f6he von 200 Euro, sowie 25 Kartons mit Geschenken (Spielsachen, Hygieneartikel, Bastelmaterial, &#8230;)<\/p>\n\n\n\n<p id=\"block-122366a2-9fae-40b0-a36e-690e27fc41d0\"><strong>HINTERGRUND-INFORMATIONEN<\/strong><\/p>\n\n\n\n<p id=\"block-a31b2e03-a134-48b4-aef9-1a11268e4071\">Das Projekt &#8222;Weihnachten im Schuhkarton&#8220; des Vereins &#8222;Samaritan&#8217;s Purse &#8211; Die barmherzigen Samariter&#8220; ist Teil der weltweit gr\u00f6\u00dften Geschenkaktion f\u00fcr Kinder in Not, &#8222;Operation Christmas Child&#8220;. Die Idee dahinter ist ganz einfach: Man nimmt einen alten Schuhkarton, beklebt ihn mit weihnachtlichem Geschenkspapier und f\u00fcllt ihn mit einer bunten Mischung aus Geschenken f\u00fcr ein M\u00e4dchen oder einen Jungen. Dabei wird zwischen den Altersruppen 2-4, 5-9 und 10-14 Jahren unterschieden. Die Kartons voller weihnachtlicher Magie werden dann an Kinder Regionen verteilt, in welchen Armut und niedrige Lebensstandards den Alltag bestimmen. Ziell\u00e4nder sind beispielsweise die Ukraine, Serbien, Georgien oder Rum\u00e4nien. Mit seiner Geldspende unterst\u00fctzte der Fanclub die organisatorische Umsetzung des Projektes und mit seinen Sachspenden schickte er eine kleine Freude an Kinder, welche m\u00f6glicherweise noch nie in ihrem Leben ein Weihnachtsgeschenk bekommen haben.<\/p>\n\n\n\n<p id=\"block-de8fe3f8-b084-4616-89da-233e514d6760\"><strong>13 FOTOS &#8211; ZUM VERGR\u00d6SSERN ANKLICKEN!<\/strong><br>ngg_shortcode_0_placeholder<\/p>\n\n\n\n<p id=\"block-6883e005-9606-46fd-aaa5-9c7a543be6e4\"><\/p>\n","protected":false},"excerpt":{"rendered":"<p>DATUM DER SPENDEN-\u00dcBERGABESonntag, 17. November 2024 BEG\u00dcNSTIGTE ORGANISATIONProjekt Weihnachten im SchuhkartonVerein Samaritan&#8217;s Purse &#8211; Die barmherzigen SamariterBarockstra\u00dfe 4 , 4616 Wei\u00dfkirchen an der Traun, \u00d6sterreichhttps:\/\/www.die-samariter.org\/projekte\/weihnachten-im-schuhkarton\/ ZUWENDUNGGeldspende in der H\u00f6he von 200 Euro, sowie 25 Kartons mit Geschenken (Spielsachen, Hygieneartikel, Bastelmaterial, &#8230;) HINTERGRUND-INFORMATIONEN Das Projekt &#8222;Weihnachten im Schuhkarton&#8220; des Vereins &#8222;Samaritan&#8217;s Purse &#8211; Die barmherzigen Samariter&#8220; [&hellip;]<\/p>\n","protected":false},"author":1,"featured_media":0,"parent":0,"menu_order":0,"comment_status":"closed","ping_status":"closed","template":"","meta":{"ngg_post_thumbnail":0,"footnotes":""},"class_list":["post-7023","page","type-page","status-publish","hentry"],"_links":{"self":[{"href":"https:\/\/www.mj-fans.at\/index.php?rest_route=\/wp\/v2\/pages\/7023","targetHints":{"allow":["GET"]}}],"collection":[{"href":"https:\/\/www.mj-fans.at\/index.php?rest_route=\/wp\/v2\/pages"}],"about":[{"href":"https:\/\/www.mj-fans.at\/index.php?rest_route=\/wp\/v2\/types\/page"}],"author":[{"embeddable":true,"href":"https:\/\/www.mj-fans.at\/index.php?rest_route=\/wp\/v2\/users\/1"}],"replies":[{"embeddable":true,"href":"https:\/\/www.mj-fans.at\/index.php?rest_route=%2Fwp%2Fv2%2Fcomments&post=7023"}],"version-history":[{"count":3,"href":"https:\/\/www.mj-fans.at\/index.php?rest_route=\/wp\/v2\/pages\/7023\/revisions"}],"predecessor-version":[{"id":7045,"href":"https:\/\/www.mj-fans.at\/index.php?rest_route=\/wp\/v2\/pages\/7023\/revisions\/7045"}],"wp:attachment":[{"href":"https:\/\/www.mj-fans.at\/index.php?rest_route=%2Fwp%2Fv2%2Fmedia&parent=7023"}],"curies":[{"name":"wp","href":"https:\/\/api.w.org\/{rel}","templated":true}]}}