{"id":96,"date":"2010-11-15T17:20:04","date_gmt":"2010-11-15T16:20:04","guid":{"rendered":"http:\/\/www.mj-fans.at\/?page_id=96"},"modified":"2024-11-19T18:10:22","modified_gmt":"2024-11-19T17:10:22","slug":"unser-patenkind","status":"publish","type":"page","link":"https:\/\/www.mj-fans.at\/?page_id=96","title":{"rendered":"Charity-Archiv"},"content":{"rendered":"\n<p>Seit seiner Gr\u00fcndung konnte der Fanclub insgesamt 13.020 Euro, sowie zahlreiche Sachspenden f\u00fcr wohlt\u00e4tige Zwecke vergeben. W\u00e4hle einen der 48 Termine, um detaillierte Informationen und Fotos zur jeweiligen Spende zu erhalten!<\/p>\n\n\n\n<p><\/p>\n\n\n\n<p><strong>2024<\/strong><br><a href=\"https:\/\/www.mj-fans.at\/?page_id=7023\">17. November 2024 &#8211; Weihnachten im Schuhkarton<\/a><\/p>\n\n\n\n<p><strong>2022<\/strong><br><a href=\"https:\/\/www.mj-fans.at\/?page_id=6979\">25. M\u00e4rz 2022 &#8211; Sachspenden f\u00fcr die Kinderpsychiatrische Station der Klinik Hietzing<\/a><br><a href=\"https:\/\/www.mj-fans.at\/?page_id=6985\">24. Juli 2022 &#8211; Sachspenden f\u00fcr ukrainische Kriegsfl\u00fcchtlinge<\/a><\/p>\n\n\n\n<p><strong>2021<\/strong><br><a href=\"https:\/\/www.mj-fans.at\/?page_id=6971\">14. November 2021 &#8211; Weihnachten im Schuhkarton<\/a><\/p>\n\n\n\n<p><strong>2020<\/strong><br><a href=\"http:\/\/www.mj-fans.at\/?page_id=6887\">15. November 2020 &#8211; Weihnachten im Schuhkarton<\/a><br><a href=\"http:\/\/www.mj-fans.at\/?page_id=6923\">16. Dezember 2020 &#8211; Sachspenden f\u00fcr die Kinderpsychiatrische Station der Klinik Hietzing<\/a><br><a href=\"http:\/\/www.mj-fans.at\/?page_id=6929\">17. Dezember 2020 &#8211; Spende an den Verein Regenwald der \u00d6sterreicher<\/a><\/p>\n\n\n\n<p><strong>2019<\/strong><br><a href=\"http:\/\/www.mj-fans.at\/?page_id=4581\"><\/a><a href=\"http:\/\/www.mj-fans.at\/?page_id=6819\">31. Oktober 2019 &#8211; Weihnachten im Schuhkarton<\/a> <br><a href=\"http:\/\/www.mj-fans.at\/?page_id=6869\">30. Dezember 2019 &#8211; Kinderpatenschaft von World Vision (10. Jahr)<\/a><br><a href=\"http:\/\/www.mj-fans.at\/?page_id=6857\">31. Dezember 2019 &#8211; Sachspenden f\u00fcr die Kinderpsychiatrische Station des Krankenhaus Hietzing<\/a><\/p>\n\n\n\n<p><strong>2018<\/strong><br><a href=\"http:\/\/www.mj-fans.at\/?page_id=6561\">11. November 2018 &#8211; Weihnachten im Schuhkarton<\/a><br><a href=\"http:\/\/www.mj-fans.at\/?page_id=6586\">06. Dezember 2018 &#8211; Kinderpatenschaft von World Vision (9. Jahr)<\/a><br><a href=\"http:\/\/www.mj-fans.at\/?page_id=6593\">20. Dezember 2018 &#8211; Spende an den Verein gegen Tierfabriken<\/a><\/p>\n\n\n\n<p><strong>2017<\/strong><br><a href=\"http:\/\/www.mj-fans.at\/?page_id=6425\">10. Oktober 2017 &#8211; Sachspenden f\u00fcr die Kinderpsychiatrische Station des Krankenhaus Hietzing<\/a><br><a href=\"http:\/\/www.mj-fans.at\/?page_id=6449\">24. Oktober 2017 &#8211; Kinderpatenschaft von World Vision (8. Jahr)<\/a><br><a href=\"http:\/\/www.mj-fans.at\/?page_id=6464\">16. November 2017 &#8211; Sachspenden f\u00fcr die Kinder- und Jugendheilkunde des Klinikums Klagenfurt<\/a><br><a href=\"http:\/\/www.mj-fans.at\/?page_id=6496\">27. November 2017 &#8211; Spende an die Notschlafstelle VinziBett<\/a><br><a href=\"http:\/\/www.mj-fans.at\/?page_id=6539\">21. Dezember 2017 &#8211; Spende an den Verein gegen Tierfabriken<\/a><br><a href=\"http:\/\/www.mj-fans.at\/?page_id=6549\">30. Dezember 2017 &#8211; Unterst\u00fctzung f\u00fcr das Tierheim Brunn<\/a><\/p>\n\n\n\n<p><strong>2016<\/strong><br><a href=\"http:\/\/www.mj-fans.at\/?page_id=6004\">29. November 2016 &#8211; Kinderpatenschaft von World Vision (7. Jahr)<\/a><br><a href=\"http:\/\/www.mj-fans.at\/?page_id=6001\">30. November 2016 &#8211; Spende an den Verein gegen Tierfabriken<\/a><br><a href=\"http:\/\/www.mj-fans.at\/?page_id=6034\">06. Dezember 2016 &#8211; Spielzeug f\u00fcr die Kinderpsychiatrische Station des Krankenhaus Hietzing<\/a><br><a href=\"http:\/\/www.mj-fans.at\/?page_id=6071\">13. Dezember 2016 &#8211; Spende an die Notschlafstelle VinziBett<\/a><br><a href=\"http:\/\/www.mj-fans.at\/?page_id=6094\">23. Dezember 2016 &#8211; CD-Player f\u00fcr die Kinderpsychiatrische Station des Krankenhaus Hietzing<\/a><\/p>\n\n\n\n<p><strong>2015<\/strong><br><a href=\"http:\/\/www.mj-fans.at\/?page_id=4581\">19. November 2015 &#8211; Spende an den Verein gegen Tierfabriken<\/a><br><a href=\"http:\/\/www.mj-fans.at\/?page_id=4658\">24. November 2015 &#8211; Kinderpatenschaft von World Vision (6. Jahr)<\/a><br><a href=\"http:\/\/www.mj-fans.at\/?page_id=4680\">25. November 2015 &#8211; Spende an die Notschlafstelle VinziBett<\/a><br><a href=\"http:\/\/www.mj-fans.at\/?page_id=4698\">27. November 2015 &#8211; Spende an den Verein Rettet das Kind<\/a><\/p>\n\n\n\n<p><strong>2014<\/strong><br><a href=\"http:\/\/www.mj-fans.at\/?page_id=3785\">04. November 2014 &#8211; Spende an den Verein gegen Tierfabriken<\/a><br><a href=\"http:\/\/www.mj-fans.at\/?page_id=3787\">05. November 2014 &#8211; Spende an das Therapie Institut Keil<\/a><br><a href=\"http:\/\/www.mj-fans.at\/?page_id=3790\">06. November 2014 &#8211; Kinderpatenschaft von World Vision (5. Jahr)<\/a><br><a href=\"http:\/\/www.mj-fans.at\/?page_id=3792\">09. November 2014 &#8211; Spende an das Katzenheim Freudenau<\/a><\/p>\n\n\n\n<p><strong>2013<\/strong><br><a href=\"http:\/\/www.mj-fans.at\/?page_id=2688\">21. M\u00e4rz 2013 &#8211; Spende an Vier Pfoten zugunsten von B\u00e4renprojekten<\/a><br><a href=\"http:\/\/www.mj-fans.at\/?page_id=2725\">04. Mai 2013 &#8211; Spende an IPS-WIEN<\/a><br><a href=\"http:\/\/www.mj-fans.at\/?page_id=2980\">26. September 2013 &#8211; Spende an das mobile Kinderhospiz Netz<\/a><br><a href=\"http:\/\/www.mj-fans.at\/?page_id=3030\">12. November 2013 &#8211; Spende an das Hundeheim Hatvan<\/a><br><a href=\"http:\/\/www.mj-fans.at\/?page_id=3209\">12. Dezember 2013 &#8211; Kinderpatenschaft von World Vision (4. Jahr)<\/a><\/p>\n\n\n\n<p><strong>2012<\/strong><br><a href=\"http:\/\/www.mj-fans.at\/?page_id=3082\">02. J\u00e4nner 2012 &#8211; Eisb\u00e4renpatenschaft von Greenpeace<\/a><br><a href=\"http:\/\/www.mj-fans.at\/?page_id=3088\">05. J\u00e4nner 2012 &#8211; Regenwaldpatenschaft des WWF<\/a><br><a href=\"http:\/\/www.mj-fans.at\/?page_id=2480\">10. Juni 2012 &#8211; Spende an das Katzenheim Freudenau<\/a><br><a href=\"http:\/\/www.mj-fans.at\/?page_id=2563\">11. Oktober 2012 &#8211; Spende an das Therapie Institut Keil<\/a><br><a href=\"http:\/\/www.mj-fans.at\/?page_id=3099\">02. November 2012 &#8211; Kinderpatenschaft von World Vision (3. Jahr)<\/a><br><a href=\"http:\/\/www.mj-fans.at\/?page_id=2663\">21. Dezember 2012 &#8211; Spende an das Therapie Institut Keil<\/a><\/p>\n\n\n\n<p><strong>2011<\/strong><br><a href=\"http:\/\/www.mj-fans.at\/?page_id=2498\">01. Juli 2011 &#8211; Eisb\u00e4renpatenschaft von Greenpeace<\/a><br><a href=\"http:\/\/www.mj-fans.at\/?page_id=2409\">08. Juli 2011 &#8211; Regenwaldpatenschaft des WWF<\/a><br><a href=\"http:\/\/www.mj-fans.at\/?page_id=3095\">26. September 2011 &#8211; Kinderpatenschaft von World Vision (2. Jahr)<\/a><\/p>\n\n\n\n<p><strong>2010<\/strong><br><a href=\"http:\/\/www.mj-fans.at\/?page_id=2786\">01. Juni 2010 &#8211; Spende an die St. Anna Kinderkrebsforschung<\/a><br><a href=\"http:\/\/www.mj-fans.at\/?page_id=2367\">25. Oktober 2010 &#8211; Kinderpatenschaft von World Vision (1. Jahr)<\/a><\/p>\n","protected":false},"excerpt":{"rendered":"<p>Seit seiner Gr\u00fcndung konnte der Fanclub insgesamt 13.020 Euro, sowie zahlreiche Sachspenden f\u00fcr wohlt\u00e4tige Zwecke vergeben. W\u00e4hle einen der 48 Termine, um detaillierte Informationen und Fotos zur jeweiligen Spende zu erhalten! 202417. November 2024 &#8211; Weihnachten im Schuhkarton 202225. M\u00e4rz 2022 &#8211; Sachspenden f\u00fcr die Kinderpsychiatrische Station der Klinik Hietzing24. Juli 2022 &#8211; Sachspenden f\u00fcr [&hellip;]<\/p>\n","protected":false},"author":1,"featured_media":4983,"parent":0,"menu_order":0,"comment_status":"closed","ping_status":"open","template":"","meta":{"ngg_post_thumbnail":0,"footnotes":""},"class_list":["post-96","page","type-page","status-publish","has-post-thumbnail","hentry"],"_links":{"self":[{"href":"https:\/\/www.mj-fans.at\/index.php?rest_route=\/wp\/v2\/pages\/96","targetHints":{"allow":["GET"]}}],"collection":[{"href":"https:\/\/www.mj-fans.at\/index.php?rest_route=\/wp\/v2\/pages"}],"about":[{"href":"https:\/\/www.mj-fans.at\/index.php?rest_route=\/wp\/v2\/types\/page"}],"author":[{"embeddable":true,"href":"https:\/\/www.mj-fans.at\/index.php?rest_route=\/wp\/v2\/users\/1"}],"replies":[{"embeddable":true,"href":"https:\/\/www.mj-fans.at\/index.php?rest_route=%2Fwp%2Fv2%2Fcomments&post=96"}],"version-history":[{"count":338,"href":"https:\/\/www.mj-fans.at\/index.php?rest_route=\/wp\/v2\/pages\/96\/revisions"}],"predecessor-version":[{"id":7027,"href":"https:\/\/www.mj-fans.at\/index.php?rest_route=\/wp\/v2\/pages\/96\/revisions\/7027"}],"wp:featuredmedia":[{"embeddable":true,"href":"https:\/\/www.mj-fans.at\/index.php?rest_route=\/wp\/v2\/media\/4983"}],"wp:attachment":[{"href":"https:\/\/www.mj-fans.at\/index.php?rest_route=%2Fwp%2Fv2%2Fmedia&parent=96"}],"curies":[{"name":"wp","href":"https:\/\/api.w.org\/{rel}","templated":true}]}}